{"id":1386,"date":"2023-07-19T12:46:15","date_gmt":"2023-07-19T12:46:15","guid":{"rendered":"https:\/\/portanovasuites-altea.com\/producto\/voucher-250\/"},"modified":"2023-09-18T07:37:08","modified_gmt":"2023-09-18T07:37:08","slug":"bono-250","status":"publish","type":"product","link":"https:\/\/portanovasuites-altea.com\/es\/producto\/bono-250\/","title":{"rendered":"Bono 250"},"content":{"rendered":"","protected":false},"excerpt":{"rendered":"<p>Descubra el placer de la relajaci\u00f3n y el encanto en Porta Nova Suites, su hogar lejos de casa. Con nuestro <strong>Bono 250<\/strong>, regale a sus seres queridos una experiencia de estancia inolvidable, o util\u00edcelo usted mismo para una merecida escapada.<\/p>\n<p>Nuestro Cheque Regalo Virtual est\u00e1 cargado de la flexibilidad que usted necesita. V\u00e1lido durante todo un a\u00f1o desde el momento de la compra, puede canjearse en cualquier momento por una estancia en nuestro hotel de lujo.<\/p>\n<ul>\n<li>V\u00e1lido durante 365 d\u00edas<\/li>\n<li>Precio acorde con la temporada y condiciones<\/li>\n<li>Canjeable por productos del minibar<\/li>\n<\/ul>\n<p><span style=\"font-size: 13px;\">* No se admiten devoluciones.<\/span><\/p>\n","protected":false},"featured_media":1346,"template":"","meta":{"nf_dc_page":""},"product_brand":[],"product_cat":[42],"product_tag":[],"class_list":{"0":"post-1386","1":"product","2":"type-product","3":"status-publish","4":"has-post-thumbnail","6":"product_cat-sin-categorizar-es","8":"first","9":"instock","10":"virtual","11":"purchasable","12":"product-type-simple"},"yoast_head":"<!-- This site is optimized with the Yoast SEO plugin v27.5 - https:\/\/yoast.com\/product\/yoast-seo-wordpress\/ -->\n<title>Bono 250 - Porta Nova Suites<\/title>\n<meta name=\"robots\" content=\"index, follow, max-snippet:-1, max-image-preview:large, max-video-preview:-1\" \/>\n<link rel=\"canonical\" href=\"https:\/\/portanovasuites-altea.com\/producto\/voucher-250\/\" \/>\n<meta property=\"og:locale\" content=\"es_ES\" \/>\n<meta property=\"og:type\" content=\"article\" \/>\n<meta property=\"og:title\" content=\"Bono 250 - Porta Nova Suites\" \/>\n<meta property=\"og:description\" content=\"Descubra el placer de la relajaci\u00f3n y el encanto en Porta Nova Suites, su hogar lejos de casa. Con nuestro Bono 250, regale a sus seres queridos una experiencia de estancia inolvidable, o util\u00edcelo usted mismo para una merecida escapada.  Nuestro Cheque Regalo Virtual est\u00e1 cargado de la flexibilidad que usted necesita. V\u00e1lido durante todo un a\u00f1o desde el momento de la compra, puede canjearse en cualquier momento por una estancia en nuestro hotel de lujo.   V\u00e1lido durante 365 d\u00edas  Precio acorde con la temporada y condiciones Canjeable por productos del minibar  * No se admiten devoluciones.\" \/>\n<meta property=\"og:url\" content=\"https:\/\/portanovasuites-altea.com\/producto\/voucher-250\/\" \/>\n<meta property=\"og:site_name\" content=\"Porta Nova Suites\" \/>\n<meta property=\"article:modified_time\" content=\"2023-09-18T07:37:08+00:00\" \/>\n<meta property=\"og:image\" content=\"https:\/\/i0.wp.com\/portanovasuites-altea.com\/wp-content\/uploads\/2023\/07\/voucher-150-img.jpg?fit=1000%2C1000&ssl=1\" \/>\n\t<meta property=\"og:image:width\" content=\"1000\" \/>\n\t<meta property=\"og:image:height\" content=\"1000\" \/>\n\t<meta property=\"og:image:type\" content=\"image\/jpeg\" \/>\n<meta name=\"twitter:card\" content=\"summary_large_image\" \/>\n<script type=\"application\/ld+json\" class=\"yoast-schema-graph\">{\"@context\":\"https:\\\/\\\/schema.org\",\"@graph\":[{\"@type\":\"WebPage\",\"@id\":\"https:\\\/\\\/portanovasuites-altea.com\\\/producto\\\/voucher-250\\\/\",\"url\":\"https:\\\/\\\/portanovasuites-altea.com\\\/producto\\\/voucher-250\\\/\",\"name\":\"Bono 250 - Porta Nova Suites\",\"isPartOf\":{\"@id\":\"https:\\\/\\\/portanovasuites-altea.com\\\/#website\"},\"primaryImageOfPage\":{\"@id\":\"https:\\\/\\\/portanovasuites-altea.com\\\/producto\\\/voucher-250\\\/#primaryimage\"},\"image\":{\"@id\":\"https:\\\/\\\/portanovasuites-altea.com\\\/producto\\\/voucher-250\\\/#primaryimage\"},\"thumbnailUrl\":\"https:\\\/\\\/i0.wp.com\\\/portanovasuites-altea.com\\\/wp-content\\\/uploads\\\/2023\\\/07\\\/voucher-150-img.jpg?fit=1000%2C1000&ssl=1\",\"datePublished\":\"2023-07-19T12:46:15+00:00\",\"dateModified\":\"2023-09-18T07:37:08+00:00\",\"breadcrumb\":{\"@id\":\"https:\\\/\\\/portanovasuites-altea.com\\\/producto\\\/voucher-250\\\/#breadcrumb\"},\"inLanguage\":\"es\",\"potentialAction\":[{\"@type\":\"ReadAction\",\"target\":[\"https:\\\/\\\/portanovasuites-altea.com\\\/producto\\\/voucher-250\\\/\"]}]},{\"@type\":\"ImageObject\",\"inLanguage\":\"es\",\"@id\":\"https:\\\/\\\/portanovasuites-altea.com\\\/producto\\\/voucher-250\\\/#primaryimage\",\"url\":\"https:\\\/\\\/i0.wp.com\\\/portanovasuites-altea.com\\\/wp-content\\\/uploads\\\/2023\\\/07\\\/voucher-150-img.jpg?fit=1000%2C1000&ssl=1\",\"contentUrl\":\"https:\\\/\\\/i0.wp.com\\\/portanovasuites-altea.com\\\/wp-content\\\/uploads\\\/2023\\\/07\\\/voucher-150-img.jpg?fit=1000%2C1000&ssl=1\",\"width\":1000,\"height\":1000},{\"@type\":\"BreadcrumbList\",\"@id\":\"https:\\\/\\\/portanovasuites-altea.com\\\/producto\\\/voucher-250\\\/#breadcrumb\",\"itemListElement\":[{\"@type\":\"ListItem\",\"position\":1,\"name\":\"Home\",\"item\":\"https:\\\/\\\/portanovasuites-altea.com\\\/es\\\/\"},{\"@type\":\"ListItem\",\"position\":2,\"name\":\"Shop\",\"item\":\"https:\\\/\\\/portanovasuites-altea.com\\\/shop\\\/\"},{\"@type\":\"ListItem\",\"position\":3,\"name\":\"Bono 250\"}]},{\"@type\":\"WebSite\",\"@id\":\"https:\\\/\\\/portanovasuites-altea.com\\\/#website\",\"url\":\"https:\\\/\\\/portanovasuites-altea.com\\\/\",\"name\":\"Porta Nova Suites\",\"description\":\"Lujosas suites con vistas al mar en el centro de Altea\",\"potentialAction\":[{\"@type\":\"SearchAction\",\"target\":{\"@type\":\"EntryPoint\",\"urlTemplate\":\"https:\\\/\\\/portanovasuites-altea.com\\\/?s={search_term_string}\"},\"query-input\":{\"@type\":\"PropertyValueSpecification\",\"valueRequired\":true,\"valueName\":\"search_term_string\"}}],\"inLanguage\":\"es\"}]}<\/script>\n<!-- \/ Yoast SEO plugin. -->","yoast_head_json":{"title":"Bono 250 - Porta Nova Suites","robots":{"index":"index","follow":"follow","max-snippet":"max-snippet:-1","max-image-preview":"max-image-preview:large","max-video-preview":"max-video-preview:-1"},"canonical":"https:\/\/portanovasuites-altea.com\/producto\/voucher-250\/","og_locale":"es_ES","og_type":"article","og_title":"Bono 250 - Porta Nova Suites","og_description":"Descubra el placer de la relajaci\u00f3n y el encanto en Porta Nova Suites, su hogar lejos de casa. Con nuestro Bono 250, regale a sus seres queridos una experiencia de estancia inolvidable, o util\u00edcelo usted mismo para una merecida escapada.  Nuestro Cheque Regalo Virtual est\u00e1 cargado de la flexibilidad que usted necesita. V\u00e1lido durante todo un a\u00f1o desde el momento de la compra, puede canjearse en cualquier momento por una estancia en nuestro hotel de lujo.   V\u00e1lido durante 365 d\u00edas  Precio acorde con la temporada y condiciones Canjeable por productos del minibar  * No se admiten devoluciones.","og_url":"https:\/\/portanovasuites-altea.com\/producto\/voucher-250\/","og_site_name":"Porta Nova Suites","article_modified_time":"2023-09-18T07:37:08+00:00","og_image":[{"width":1000,"height":1000,"url":"https:\/\/i0.wp.com\/portanovasuites-altea.com\/wp-content\/uploads\/2023\/07\/voucher-150-img.jpg?fit=1000%2C1000&ssl=1","type":"image\/jpeg"}],"twitter_card":"summary_large_image","schema":{"@context":"https:\/\/schema.org","@graph":[{"@type":"WebPage","@id":"https:\/\/portanovasuites-altea.com\/producto\/voucher-250\/","url":"https:\/\/portanovasuites-altea.com\/producto\/voucher-250\/","name":"Bono 250 - Porta Nova Suites","isPartOf":{"@id":"https:\/\/portanovasuites-altea.com\/#website"},"primaryImageOfPage":{"@id":"https:\/\/portanovasuites-altea.com\/producto\/voucher-250\/#primaryimage"},"image":{"@id":"https:\/\/portanovasuites-altea.com\/producto\/voucher-250\/#primaryimage"},"thumbnailUrl":"https:\/\/i0.wp.com\/portanovasuites-altea.com\/wp-content\/uploads\/2023\/07\/voucher-150-img.jpg?fit=1000%2C1000&ssl=1","datePublished":"2023-07-19T12:46:15+00:00","dateModified":"2023-09-18T07:37:08+00:00","breadcrumb":{"@id":"https:\/\/portanovasuites-altea.com\/producto\/voucher-250\/#breadcrumb"},"inLanguage":"es","potentialAction":[{"@type":"ReadAction","target":["https:\/\/portanovasuites-altea.com\/producto\/voucher-250\/"]}]},{"@type":"ImageObject","inLanguage":"es","@id":"https:\/\/portanovasuites-altea.com\/producto\/voucher-250\/#primaryimage","url":"https:\/\/i0.wp.com\/portanovasuites-altea.com\/wp-content\/uploads\/2023\/07\/voucher-150-img.jpg?fit=1000%2C1000&ssl=1","contentUrl":"https:\/\/i0.wp.com\/portanovasuites-altea.com\/wp-content\/uploads\/2023\/07\/voucher-150-img.jpg?fit=1000%2C1000&ssl=1","width":1000,"height":1000},{"@type":"BreadcrumbList","@id":"https:\/\/portanovasuites-altea.com\/producto\/voucher-250\/#breadcrumb","itemListElement":[{"@type":"ListItem","position":1,"name":"Home","item":"https:\/\/portanovasuites-altea.com\/es\/"},{"@type":"ListItem","position":2,"name":"Shop","item":"https:\/\/portanovasuites-altea.com\/shop\/"},{"@type":"ListItem","position":3,"name":"Bono 250"}]},{"@type":"WebSite","@id":"https:\/\/portanovasuites-altea.com\/#website","url":"https:\/\/portanovasuites-altea.com\/","name":"Porta Nova Suites","description":"Lujosas suites con vistas al mar en el centro de Altea","potentialAction":[{"@type":"SearchAction","target":{"@type":"EntryPoint","urlTemplate":"https:\/\/portanovasuites-altea.com\/?s={search_term_string}"},"query-input":{"@type":"PropertyValueSpecification","valueRequired":true,"valueName":"search_term_string"}}],"inLanguage":"es"}]}},"_links":{"self":[{"href":"https:\/\/portanovasuites-altea.com\/es\/wp-json\/wp\/v2\/product\/1386","targetHints":{"allow":["GET"]}}],"collection":[{"href":"https:\/\/portanovasuites-altea.com\/es\/wp-json\/wp\/v2\/product"}],"about":[{"href":"https:\/\/portanovasuites-altea.com\/es\/wp-json\/wp\/v2\/types\/product"}],"wp:featuredmedia":[{"embeddable":true,"href":"https:\/\/portanovasuites-altea.com\/es\/wp-json\/wp\/v2\/media\/1346"}],"wp:attachment":[{"href":"https:\/\/portanovasuites-altea.com\/es\/wp-json\/wp\/v2\/media?parent=1386"}],"wp:term":[{"taxonomy":"product_brand","embeddable":true,"href":"https:\/\/portanovasuites-altea.com\/es\/wp-json\/wp\/v2\/product_brand?post=1386"},{"taxonomy":"product_cat","embeddable":true,"href":"https:\/\/portanovasuites-altea.com\/es\/wp-json\/wp\/v2\/product_cat?post=1386"},{"taxonomy":"product_tag","embeddable":true,"href":"https:\/\/portanovasuites-altea.com\/es\/wp-json\/wp\/v2\/product_tag?post=1386"}],"curies":[{"name":"wp","href":"https:\/\/api.w.org\/{rel}","templated":true}]}}