{"id":1193,"date":"2022-01-19T08:52:40","date_gmt":"2022-01-19T08:52:40","guid":{"rendered":"https:\/\/portanovasuites-altea.com\/preguntas-mas-frecuentes\/"},"modified":"2022-01-19T09:55:27","modified_gmt":"2022-01-19T09:55:27","slug":"preguntas-mas-frecuentes","status":"publish","type":"page","link":"https:\/\/portanovasuites-altea.com\/es\/preguntas-mas-frecuentes\/","title":{"rendered":"Preguntas m\u00e1s frecuentes"},"content":{"rendered":"<section class=\"wpb-content-wrapper\"><p>[vc_row row_padding_bottom=&#8221;padding_bottom_none&#8221;][vc_column]<div class=\"heading_group_sc wpb_content_element subtitle_bottom    text-center\">\n\n\n    <h2>PREGUNTAS FRECUENTES<\/h2>\n\n\n        <span class=\"subtitle\">PORTA NOVA SUITES<\/span>\n\n        <div class=\"svg_divider\"><img data-recalc-dims=\"1\" decoding=\"async\" src=\"https:\/\/i0.wp.com\/portanovasuites-altea.com\/wp-content\/themes\/hotel-xenia\/templates\/shortcodes\/divider.png?w=960&#038;ssl=1\"><\/div>\n<\/div>[vc_column_text]<\/p>\n<p style=\"text-align: center;\">Estas son las preguntas m\u00e1s populares. Si no encuentra la suya cont\u00e1ctenos!<\/p>\n<p>[\/vc_column_text][\/vc_column][\/vc_row][vc_row row_padding_top=&#8221;padding_top_none&#8221;][vc_column width=&#8221;5\/6&#8243; offset=&#8221;vc_col-sm-offset-1&#8243;][vc_column_text]<\/p>\n<h4><span style=\"color: #000000;\"><b>1. Hora de check in?<\/b><\/span><\/h4>\n<p>Como gu\u00eda aproximada, el horario de check-in es a partir de las 13:30.[\/vc_column_text][vc_separator color=&#8221;chino&#8221;][vc_column_text el_id=&#8221;plethorathemes&#8221;]<\/p>\n<h4><span style=\"color: #000000;\"><b>2. Hora de salida?<\/b><\/span><\/h4>\n<p>La hora de salida es hasta las 11am. Si planea una salida tard\u00eda, h\u00e1ganoslo saber, haremos todo lo posible para satisfacer sus necesidades.[\/vc_column_text][vc_separator color=&#8221;chino&#8221;][vc_column_text]<\/p>\n<h4><span style=\"color: #000000;\"><b>3. \u00bfEst\u00e1 incluido el desayuno en la habitaci\u00f3n?<\/b><\/span><\/h4>\n<p>S\u00ed, y nos complace adaptarnos a cualquier restricci\u00f3n diet\u00e9tica.[\/vc_column_text][vc_separator color=&#8221;chino&#8221;][vc_column_text]<\/p>\n<h4><span style=\"color: #000000;\"><b>4. \u00bfQu\u00e9 idiomas se hablan en Recepci\u00f3n?<\/b><\/span><\/h4>\n<p>Ingl\u00e9s, alem\u00e1n y espa\u00f1ol.[\/vc_column_text][vc_separator color=&#8221;chino&#8221;][vc_column_text]<\/p>\n<h4><span style=\"color: #000000;\"><strong>5. \u00bfTodas las habitaciones tienen las mismas vistas al mar?<\/strong><\/span><\/h4>\n<p>S\u00ed, todas nuestras habitaciones ofrecen las mismas impresionantes vistas al mar.[\/vc_column_text][vc_separator color=&#8221;chino&#8221;][vc_column_text]<\/p>\n<h4><span style=\"color: #000000;\"><strong>6. A que distancia se encuentra la plaza principal de Altea<\/strong><\/span><\/h4>\n<p>A unos 80 metros.[\/vc_column_text][vc_separator color=&#8221;chino&#8221;][vc_column_text]<\/p>\n<h4><span style=\"color: #000000;\"><strong>7. \u00bfCu\u00e1l es la distancia a pie hasta la playa? <\/strong><\/span><\/h4>\n<p>Unos 3 minutos andando.[\/vc_column_text][vc_separator color=&#8221;chino&#8221;][vc_column_text]<\/p>\n<h4><span style=\"color: #000000;\"><strong>8. \u00bfHay minibares disponibles?<\/strong><\/span><\/h4>\n<p>Todas nuestras habitaciones est\u00e1n equipadas con un mini-bar con nuestra mejor selecci\u00f3n de vinos, bebidas y snacks.[\/vc_column_text][\/vc_column][\/vc_row]<\/p>\n<\/section>","protected":false},"excerpt":{"rendered":"<p>[vc_row row_padding_bottom=&#8221;padding_bottom_none&#8221;][vc_column][vc_column_text] Estas son las preguntas m\u00e1s populares. Si no encuentra la suya cont\u00e1ctenos! [\/vc_column_text][\/vc_column][\/vc_row][vc_row row_padding_top=&#8221;padding_top_none&#8221;][vc_column width=&#8221;5\/6&#8243; offset=&#8221;vc_col-sm-offset-1&#8243;][vc_column_text] 1. Hora de check in? Como gu\u00eda aproximada, el horario de check-in es a partir de las 13:30.[\/vc_column_text][vc_separator color=&#8221;chino&#8221;][vc_column_text el_id=&#8221;plethorathemes&#8221;] 2. Hora de salida? La hora de salida es hasta las 11am. Si planea una salida tard\u00eda, [&hellip;]<\/p>\n","protected":false},"author":1,"featured_media":681,"parent":0,"menu_order":0,"comment_status":"closed","ping_status":"closed","template":"","meta":{"nf_dc_page":"","footnotes":""},"class_list":["post-1193","page","type-page","status-publish","has-post-thumbnail","hentry"],"yoast_head":"<!-- This site is optimized with the Yoast SEO plugin v27.5 - https:\/\/yoast.com\/product\/yoast-seo-wordpress\/ -->\n<title>Preguntas m\u00e1s frecuentes - Porta Nova Suites<\/title>\n<meta name=\"robots\" content=\"index, follow, max-snippet:-1, max-image-preview:large, max-video-preview:-1\" \/>\n<link rel=\"canonical\" href=\"https:\/\/portanovasuites-altea.com\/preguntas-mas-frecuentes\/?lang=es\" \/>\n<meta property=\"og:locale\" content=\"es_ES\" \/>\n<meta property=\"og:type\" content=\"article\" \/>\n<meta property=\"og:title\" content=\"Preguntas m\u00e1s frecuentes - Porta Nova Suites\" \/>\n<meta property=\"og:description\" content=\"[vc_row row_padding_bottom=&#8221;padding_bottom_none&#8221;][vc_column][vc_column_text] Estas son las preguntas m\u00e1s populares. Si no encuentra la suya cont\u00e1ctenos! [\/vc_column_text][\/vc_column][\/vc_row][vc_row row_padding_top=&#8221;padding_top_none&#8221;][vc_column width=&#8221;5\/6&#8243; offset=&#8221;vc_col-sm-offset-1&#8243;][vc_column_text] 1. Hora de check in? Como gu\u00eda aproximada, el horario de check-in es a partir de las 13:30.[\/vc_column_text][vc_separator color=&#8221;chino&#8221;][vc_column_text el_id=&#8221;plethorathemes&#8221;] 2. Hora de salida? La hora de salida es hasta las 11am. Si planea una salida tard\u00eda, [&hellip;]\" \/>\n<meta property=\"og:url\" content=\"https:\/\/portanovasuites-altea.com\/preguntas-mas-frecuentes\/?lang=es\" \/>\n<meta property=\"og:site_name\" content=\"Porta Nova Suites\" \/>\n<meta property=\"article:modified_time\" content=\"2022-01-19T09:55:27+00:00\" \/>\n<meta property=\"og:image\" content=\"https:\/\/i0.wp.com\/portanovasuites-altea.com\/wp-content\/uploads\/2018\/04\/0035_event-book.jpg?fit=1920%2C1000&ssl=1\" \/>\n\t<meta property=\"og:image:width\" content=\"1920\" \/>\n\t<meta property=\"og:image:height\" content=\"1000\" \/>\n\t<meta property=\"og:image:type\" content=\"image\/jpeg\" \/>\n<meta name=\"twitter:card\" content=\"summary_large_image\" \/>\n<meta name=\"twitter:label1\" content=\"Tiempo de lectura\" \/>\n\t<meta name=\"twitter:data1\" content=\"1 minuto\" \/>\n<script type=\"application\/ld+json\" class=\"yoast-schema-graph\">{\"@context\":\"https:\\\/\\\/schema.org\",\"@graph\":[{\"@type\":\"WebPage\",\"@id\":\"https:\\\/\\\/portanovasuites-altea.com\\\/preguntas-mas-frecuentes\\\/?lang=es\",\"url\":\"https:\\\/\\\/portanovasuites-altea.com\\\/preguntas-mas-frecuentes\\\/?lang=es\",\"name\":\"Preguntas m\u00e1s frecuentes - Porta Nova Suites\",\"isPartOf\":{\"@id\":\"https:\\\/\\\/portanovasuites-altea.com\\\/#website\"},\"primaryImageOfPage\":{\"@id\":\"https:\\\/\\\/portanovasuites-altea.com\\\/preguntas-mas-frecuentes\\\/?lang=es#primaryimage\"},\"image\":{\"@id\":\"https:\\\/\\\/portanovasuites-altea.com\\\/preguntas-mas-frecuentes\\\/?lang=es#primaryimage\"},\"thumbnailUrl\":\"https:\\\/\\\/i0.wp.com\\\/portanovasuites-altea.com\\\/wp-content\\\/uploads\\\/2018\\\/04\\\/0035_event-book.jpg?fit=1920%2C1000&ssl=1\",\"datePublished\":\"2022-01-19T08:52:40+00:00\",\"dateModified\":\"2022-01-19T09:55:27+00:00\",\"breadcrumb\":{\"@id\":\"https:\\\/\\\/portanovasuites-altea.com\\\/preguntas-mas-frecuentes\\\/?lang=es#breadcrumb\"},\"inLanguage\":\"es\",\"potentialAction\":[{\"@type\":\"ReadAction\",\"target\":[\"https:\\\/\\\/portanovasuites-altea.com\\\/preguntas-mas-frecuentes\\\/?lang=es\"]}]},{\"@type\":\"ImageObject\",\"inLanguage\":\"es\",\"@id\":\"https:\\\/\\\/portanovasuites-altea.com\\\/preguntas-mas-frecuentes\\\/?lang=es#primaryimage\",\"url\":\"https:\\\/\\\/i0.wp.com\\\/portanovasuites-altea.com\\\/wp-content\\\/uploads\\\/2018\\\/04\\\/0035_event-book.jpg?fit=1920%2C1000&ssl=1\",\"contentUrl\":\"https:\\\/\\\/i0.wp.com\\\/portanovasuites-altea.com\\\/wp-content\\\/uploads\\\/2018\\\/04\\\/0035_event-book.jpg?fit=1920%2C1000&ssl=1\",\"width\":1920,\"height\":1000},{\"@type\":\"BreadcrumbList\",\"@id\":\"https:\\\/\\\/portanovasuites-altea.com\\\/preguntas-mas-frecuentes\\\/?lang=es#breadcrumb\",\"itemListElement\":[{\"@type\":\"ListItem\",\"position\":1,\"name\":\"Home\",\"item\":\"https:\\\/\\\/portanovasuites-altea.com\\\/es\\\/\"},{\"@type\":\"ListItem\",\"position\":2,\"name\":\"Preguntas m\u00e1s frecuentes\"}]},{\"@type\":\"WebSite\",\"@id\":\"https:\\\/\\\/portanovasuites-altea.com\\\/#website\",\"url\":\"https:\\\/\\\/portanovasuites-altea.com\\\/\",\"name\":\"Porta Nova Suites\",\"description\":\"Lujosas suites con vistas al mar en el centro de Altea\",\"potentialAction\":[{\"@type\":\"SearchAction\",\"target\":{\"@type\":\"EntryPoint\",\"urlTemplate\":\"https:\\\/\\\/portanovasuites-altea.com\\\/?s={search_term_string}\"},\"query-input\":{\"@type\":\"PropertyValueSpecification\",\"valueRequired\":true,\"valueName\":\"search_term_string\"}}],\"inLanguage\":\"es\"}]}<\/script>\n<!-- \/ Yoast SEO plugin. -->","yoast_head_json":{"title":"Preguntas m\u00e1s frecuentes - Porta Nova Suites","robots":{"index":"index","follow":"follow","max-snippet":"max-snippet:-1","max-image-preview":"max-image-preview:large","max-video-preview":"max-video-preview:-1"},"canonical":"https:\/\/portanovasuites-altea.com\/preguntas-mas-frecuentes\/?lang=es","og_locale":"es_ES","og_type":"article","og_title":"Preguntas m\u00e1s frecuentes - Porta Nova Suites","og_description":"[vc_row row_padding_bottom=&#8221;padding_bottom_none&#8221;][vc_column][vc_column_text] Estas son las preguntas m\u00e1s populares. Si no encuentra la suya cont\u00e1ctenos! [\/vc_column_text][\/vc_column][\/vc_row][vc_row row_padding_top=&#8221;padding_top_none&#8221;][vc_column width=&#8221;5\/6&#8243; offset=&#8221;vc_col-sm-offset-1&#8243;][vc_column_text] 1. Hora de check in? Como gu\u00eda aproximada, el horario de check-in es a partir de las 13:30.[\/vc_column_text][vc_separator color=&#8221;chino&#8221;][vc_column_text el_id=&#8221;plethorathemes&#8221;] 2. Hora de salida? La hora de salida es hasta las 11am. Si planea una salida tard\u00eda, [&hellip;]","og_url":"https:\/\/portanovasuites-altea.com\/preguntas-mas-frecuentes\/?lang=es","og_site_name":"Porta Nova Suites","article_modified_time":"2022-01-19T09:55:27+00:00","og_image":[{"width":1920,"height":1000,"url":"https:\/\/i0.wp.com\/portanovasuites-altea.com\/wp-content\/uploads\/2018\/04\/0035_event-book.jpg?fit=1920%2C1000&ssl=1","type":"image\/jpeg"}],"twitter_card":"summary_large_image","twitter_misc":{"Tiempo de lectura":"1 minuto"},"schema":{"@context":"https:\/\/schema.org","@graph":[{"@type":"WebPage","@id":"https:\/\/portanovasuites-altea.com\/preguntas-mas-frecuentes\/?lang=es","url":"https:\/\/portanovasuites-altea.com\/preguntas-mas-frecuentes\/?lang=es","name":"Preguntas m\u00e1s frecuentes - Porta Nova Suites","isPartOf":{"@id":"https:\/\/portanovasuites-altea.com\/#website"},"primaryImageOfPage":{"@id":"https:\/\/portanovasuites-altea.com\/preguntas-mas-frecuentes\/?lang=es#primaryimage"},"image":{"@id":"https:\/\/portanovasuites-altea.com\/preguntas-mas-frecuentes\/?lang=es#primaryimage"},"thumbnailUrl":"https:\/\/i0.wp.com\/portanovasuites-altea.com\/wp-content\/uploads\/2018\/04\/0035_event-book.jpg?fit=1920%2C1000&ssl=1","datePublished":"2022-01-19T08:52:40+00:00","dateModified":"2022-01-19T09:55:27+00:00","breadcrumb":{"@id":"https:\/\/portanovasuites-altea.com\/preguntas-mas-frecuentes\/?lang=es#breadcrumb"},"inLanguage":"es","potentialAction":[{"@type":"ReadAction","target":["https:\/\/portanovasuites-altea.com\/preguntas-mas-frecuentes\/?lang=es"]}]},{"@type":"ImageObject","inLanguage":"es","@id":"https:\/\/portanovasuites-altea.com\/preguntas-mas-frecuentes\/?lang=es#primaryimage","url":"https:\/\/i0.wp.com\/portanovasuites-altea.com\/wp-content\/uploads\/2018\/04\/0035_event-book.jpg?fit=1920%2C1000&ssl=1","contentUrl":"https:\/\/i0.wp.com\/portanovasuites-altea.com\/wp-content\/uploads\/2018\/04\/0035_event-book.jpg?fit=1920%2C1000&ssl=1","width":1920,"height":1000},{"@type":"BreadcrumbList","@id":"https:\/\/portanovasuites-altea.com\/preguntas-mas-frecuentes\/?lang=es#breadcrumb","itemListElement":[{"@type":"ListItem","position":1,"name":"Home","item":"https:\/\/portanovasuites-altea.com\/es\/"},{"@type":"ListItem","position":2,"name":"Preguntas m\u00e1s frecuentes"}]},{"@type":"WebSite","@id":"https:\/\/portanovasuites-altea.com\/#website","url":"https:\/\/portanovasuites-altea.com\/","name":"Porta Nova Suites","description":"Lujosas suites con vistas al mar en el centro de Altea","potentialAction":[{"@type":"SearchAction","target":{"@type":"EntryPoint","urlTemplate":"https:\/\/portanovasuites-altea.com\/?s={search_term_string}"},"query-input":{"@type":"PropertyValueSpecification","valueRequired":true,"valueName":"search_term_string"}}],"inLanguage":"es"}]}},"_links":{"self":[{"href":"https:\/\/portanovasuites-altea.com\/es\/wp-json\/wp\/v2\/pages\/1193","targetHints":{"allow":["GET"]}}],"collection":[{"href":"https:\/\/portanovasuites-altea.com\/es\/wp-json\/wp\/v2\/pages"}],"about":[{"href":"https:\/\/portanovasuites-altea.com\/es\/wp-json\/wp\/v2\/types\/page"}],"author":[{"embeddable":true,"href":"https:\/\/portanovasuites-altea.com\/es\/wp-json\/wp\/v2\/users\/1"}],"replies":[{"embeddable":true,"href":"https:\/\/portanovasuites-altea.com\/es\/wp-json\/wp\/v2\/comments?post=1193"}],"version-history":[{"count":5,"href":"https:\/\/portanovasuites-altea.com\/es\/wp-json\/wp\/v2\/pages\/1193\/revisions"}],"predecessor-version":[{"id":1223,"href":"https:\/\/portanovasuites-altea.com\/es\/wp-json\/wp\/v2\/pages\/1193\/revisions\/1223"}],"wp:featuredmedia":[{"embeddable":true,"href":"https:\/\/portanovasuites-altea.com\/es\/wp-json\/wp\/v2\/media\/681"}],"wp:attachment":[{"href":"https:\/\/portanovasuites-altea.com\/es\/wp-json\/wp\/v2\/media?parent=1193"}],"curies":[{"name":"wp","href":"https:\/\/api.w.org\/{rel}","templated":true}]}}