{"id":1188,"date":"2022-01-19T08:46:00","date_gmt":"2022-01-19T08:46:00","guid":{"rendered":"https:\/\/portanovasuites-altea.com\/contacto\/"},"modified":"2023-08-22T07:03:28","modified_gmt":"2023-08-22T07:03:28","slug":"contacto","status":"publish","type":"page","link":"https:\/\/portanovasuites-altea.com\/es\/contacto\/","title":{"rendered":"Contacto"},"content":{"rendered":"<section class=\"wpb-content-wrapper\"><p>[vc_row][vc_column width=&#8221;1\/3&#8243;]<!-- ========================== TEASER BOX ==========================-->\n\n<div class=\"teaser_box wpb_content_element  vertical text-center      with_image \">\n\n  <div class=\"figure with_image  \">\n\n\n\n        \n        \n        \n         <img decoding=\"async\" src=\"https:\/\/i0.wp.com\/portanovasuites-altea.com\/wp-content\/uploads\/2018\/06\/stroke-gap-car.png?fit=50%2C50&amp;#038;ssl=1\" alt=\"Estacionamiento\">   \n\n        \n\n\n  <\/div>\n\n\n  <div class=\"content \">\n    \n    <div class=\"hgroup textify_links\"><h4>Estacionamiento<\/h4><\/div>\n\n     <div class=\"desc\"><p>Aparcar en Altea puede ser dif\u00edcil en temporada alta, sin embargo, estamos ubicados a menos de 250 m del estacionamiento gratuito &#8220;Foietes&#8221;. <\/p><\/div> \n\n  <\/div>\n\n<\/div>\n\n<!-- END======================= TEASER BOX ==========================-->[\/vc_column][vc_column width=&#8221;1\/3&#8243;]<!-- ========================== TEASER BOX ==========================-->\n\n<div class=\"teaser_box wpb_content_element  vertical text-center      with_image \">\n\n  <div class=\"figure with_image  \">\n\n\n\n        \n        \n        \n         <img decoding=\"async\" src=\"https:\/\/i0.wp.com\/portanovasuites-altea.com\/wp-content\/uploads\/2018\/06\/stroke-gap-phone.png?fit=50%2C50&amp;#038;ssl=1\" alt=\"Tel\u00e9fono\">   \n\n        \n\n\n  <\/div>\n\n\n  <div class=\"content \">\n    \n    <div class=\"hgroup textify_links\"><h4>Tel\u00e9fono<\/h4><\/div>\n\n     <div class=\"desc\"><p>Estaremos encantados de responder a sus preguntas o darle indicaciones por tel\u00e9fono.<br \/>\n<b>+34 605 320 694<\/b><\/p><\/div> \n\n  <\/div>\n\n<\/div>\n\n<!-- END======================= TEASER BOX ==========================-->[\/vc_column][vc_column width=&#8221;1\/3&#8243;]<!-- ========================== TEASER BOX ==========================-->\n\n<div class=\"teaser_box wpb_content_element  vertical text-center      with_image \">\n\n  <div class=\"figure with_image  \">\n\n\n\n        \n        \n        \n         <img decoding=\"async\" src=\"https:\/\/i0.wp.com\/portanovasuites-altea.com\/wp-content\/uploads\/2018\/06\/stroke-gap-mail.png?fit=50%2C50&amp;#038;ssl=1\" alt=\"Correo electr\u00f3nico\">   \n\n        \n\n\n  <\/div>\n\n\n  <div class=\"content \">\n    \n    <div class=\"hgroup textify_links\"><h4>Correo electr\u00f3nico<\/h4><\/div>\n\n     <div class=\"desc\"><p>Si est\u00e1 de viaje y desea hacernos una pregunta, simplemente env\u00edenos un correo electr\u00f3nico.<br \/>\n<b>info@portanovasuites.com<\/b><\/p><\/div> \n\n  <\/div>\n\n<\/div>\n\n<!-- END======================= TEASER BOX ==========================-->[\/vc_column][\/vc_row][vc_row full_width=&#8221;stretch_row&#8221; color_set=&#8221;black_section&#8221; transparent_overlay=&#8221;transparent_film&#8221; align=&#8221;text-center&#8221; css=&#8221;.vc_custom_1642420406561{background-image: url(https:\/\/portanovasuites-altea.com\/wp-content\/uploads\/2018\/04\/n3.jpg?id=599) !important;}&#8221; el_class=&#8221;large_form&#8221;][vc_column width=&#8221;2\/3&#8243; offset=&#8221;vc_col-sm-offset-2&#8243; css=&#8221;.vc_custom_1642419782714{background-position: 0 0 !important;background-repeat: no-repeat !important;}&#8221;][vc_empty_space height=&#8221;64px&#8221;]<div class=\"heading_group_sc wpb_content_element subtitle_top    text-center\">\n\n        <span class=\"subtitle\">PORTA NOVA SUITES<\/span>\n\n    <h2>RESERVA TU HABITACI\u00d3N<\/h2>\n\n\n\n<\/div>[vc_column_text css=&#8221;.vc_custom_1642419310033{margin-bottom: 40px !important;}&#8221;]Puede reservar y comprobar la disponibilidad directamente en nuestro sitio web haciendo clic en el bot\u00f3n de abajo.[\/vc_column_text]<div class=\"plethora_button wpb_content_element   text-center \">\n    <a href=\"https:\/\/direct-book.com\/properties\/portanovasuitesdirect?locale=es\" class=\"btn-lg btn btn-light  \" title=\"\"  target=\"_blank\">\n\n        \n        RESERVAR AHORA\n        \n\n    <\/a>\n<\/div>[vc_empty_space height=&#8221;64px&#8221;][\/vc_column][\/vc_row]<\/p>\n<\/section>","protected":false},"excerpt":{"rendered":"<p>[vc_row][vc_column width=&#8221;1\/3&#8243;][\/vc_column][vc_column width=&#8221;1\/3&#8243;][\/vc_column][vc_column width=&#8221;1\/3&#8243;][\/vc_column][\/vc_row][vc_row full_width=&#8221;stretch_row&#8221; color_set=&#8221;black_section&#8221; transparent_overlay=&#8221;transparent_film&#8221; align=&#8221;text-center&#8221; css=&#8221;.vc_custom_1642420406561{background-image: url(https:\/\/portanovasuites-altea.com\/wp-content\/uploads\/2018\/04\/n3.jpg?id=599) !important;}&#8221; el_class=&#8221;large_form&#8221;][vc_column width=&#8221;2\/3&#8243; offset=&#8221;vc_col-sm-offset-2&#8243; css=&#8221;.vc_custom_1642419782714{background-position: 0 0 !important;background-repeat: no-repeat !important;}&#8221;][vc_empty_space height=&#8221;64px&#8221;][vc_column_text css=&#8221;.vc_custom_1642419310033{margin-bottom: 40px !important;}&#8221;]Puede reservar y comprobar la disponibilidad directamente en nuestro sitio web haciendo clic en el bot\u00f3n de abajo.[\/vc_column_text][vc_empty_space height=&#8221;64px&#8221;][\/vc_column][\/vc_row]<\/p>\n","protected":false},"author":1,"featured_media":921,"parent":0,"menu_order":0,"comment_status":"closed","ping_status":"closed","template":"","meta":{"nf_dc_page":"","footnotes":""},"class_list":["post-1188","page","type-page","status-publish","has-post-thumbnail","hentry"],"yoast_head":"<!-- This site is optimized with the Yoast SEO plugin v27.5 - https:\/\/yoast.com\/product\/yoast-seo-wordpress\/ -->\n<title>Contacto - Porta Nova Suites<\/title>\n<meta name=\"description\" content=\"\u00bfTiene preguntas? No dude en ponerse en contacto con nosotros, nuestro equipo estar\u00e1 encantado de ayudarle, hablamos espa\u00f1ol, alem\u00e1n e ingl\u00e9s.\" \/>\n<meta name=\"robots\" content=\"index, follow, max-snippet:-1, max-image-preview:large, max-video-preview:-1\" \/>\n<link rel=\"canonical\" href=\"https:\/\/portanovasuites-altea.com\/es\/contacto\/\" \/>\n<meta property=\"og:locale\" content=\"es_ES\" \/>\n<meta property=\"og:type\" content=\"article\" \/>\n<meta property=\"og:title\" content=\"Contacto - Porta Nova Suites\" \/>\n<meta property=\"og:description\" content=\"\u00bfTiene preguntas? No dude en ponerse en contacto con nosotros, nuestro equipo estar\u00e1 encantado de ayudarle, hablamos espa\u00f1ol, alem\u00e1n e ingl\u00e9s.\" \/>\n<meta property=\"og:url\" content=\"https:\/\/portanovasuites-altea.com\/es\/contacto\/\" \/>\n<meta property=\"og:site_name\" content=\"Porta Nova Suites\" \/>\n<meta property=\"article:modified_time\" content=\"2023-08-22T07:03:28+00:00\" \/>\n<meta property=\"og:image\" content=\"https:\/\/portanovasuites-altea.com\/wp-content\/uploads\/2022\/01\/DSC01704-2.jpg\" \/>\n\t<meta property=\"og:image:width\" content=\"2048\" \/>\n\t<meta property=\"og:image:height\" content=\"1323\" \/>\n\t<meta property=\"og:image:type\" content=\"image\/jpeg\" \/>\n<meta name=\"twitter:card\" content=\"summary_large_image\" \/>\n<meta name=\"twitter:label1\" content=\"Tiempo de lectura\" \/>\n\t<meta name=\"twitter:data1\" content=\"1 minuto\" \/>\n<script type=\"application\/ld+json\" class=\"yoast-schema-graph\">{\"@context\":\"https:\\\/\\\/schema.org\",\"@graph\":[{\"@type\":\"WebPage\",\"@id\":\"https:\\\/\\\/portanovasuites-altea.com\\\/es\\\/contacto\\\/\",\"url\":\"https:\\\/\\\/portanovasuites-altea.com\\\/es\\\/contacto\\\/\",\"name\":\"Contacto - Porta Nova Suites\",\"isPartOf\":{\"@id\":\"https:\\\/\\\/portanovasuites-altea.com\\\/#website\"},\"primaryImageOfPage\":{\"@id\":\"https:\\\/\\\/portanovasuites-altea.com\\\/es\\\/contacto\\\/#primaryimage\"},\"image\":{\"@id\":\"https:\\\/\\\/portanovasuites-altea.com\\\/es\\\/contacto\\\/#primaryimage\"},\"thumbnailUrl\":\"https:\\\/\\\/i0.wp.com\\\/portanovasuites-altea.com\\\/wp-content\\\/uploads\\\/2022\\\/01\\\/DSC01704-2.jpg?fit=2048%2C1323&ssl=1\",\"datePublished\":\"2022-01-19T08:46:00+00:00\",\"dateModified\":\"2023-08-22T07:03:28+00:00\",\"description\":\"\u00bfTiene preguntas? No dude en ponerse en contacto con nosotros, nuestro equipo estar\u00e1 encantado de ayudarle, hablamos espa\u00f1ol, alem\u00e1n e ingl\u00e9s.\",\"breadcrumb\":{\"@id\":\"https:\\\/\\\/portanovasuites-altea.com\\\/es\\\/contacto\\\/#breadcrumb\"},\"inLanguage\":\"es\",\"potentialAction\":[{\"@type\":\"ReadAction\",\"target\":[\"https:\\\/\\\/portanovasuites-altea.com\\\/es\\\/contacto\\\/\"]}]},{\"@type\":\"ImageObject\",\"inLanguage\":\"es\",\"@id\":\"https:\\\/\\\/portanovasuites-altea.com\\\/es\\\/contacto\\\/#primaryimage\",\"url\":\"https:\\\/\\\/i0.wp.com\\\/portanovasuites-altea.com\\\/wp-content\\\/uploads\\\/2022\\\/01\\\/DSC01704-2.jpg?fit=2048%2C1323&ssl=1\",\"contentUrl\":\"https:\\\/\\\/i0.wp.com\\\/portanovasuites-altea.com\\\/wp-content\\\/uploads\\\/2022\\\/01\\\/DSC01704-2.jpg?fit=2048%2C1323&ssl=1\",\"width\":2048,\"height\":1323},{\"@type\":\"BreadcrumbList\",\"@id\":\"https:\\\/\\\/portanovasuites-altea.com\\\/es\\\/contacto\\\/#breadcrumb\",\"itemListElement\":[{\"@type\":\"ListItem\",\"position\":1,\"name\":\"Home\",\"item\":\"https:\\\/\\\/portanovasuites-altea.com\\\/es\\\/\"},{\"@type\":\"ListItem\",\"position\":2,\"name\":\"Contacto\"}]},{\"@type\":\"WebSite\",\"@id\":\"https:\\\/\\\/portanovasuites-altea.com\\\/#website\",\"url\":\"https:\\\/\\\/portanovasuites-altea.com\\\/\",\"name\":\"Porta Nova Suites\",\"description\":\"Lujosas suites con vistas al mar en el centro de Altea\",\"potentialAction\":[{\"@type\":\"SearchAction\",\"target\":{\"@type\":\"EntryPoint\",\"urlTemplate\":\"https:\\\/\\\/portanovasuites-altea.com\\\/?s={search_term_string}\"},\"query-input\":{\"@type\":\"PropertyValueSpecification\",\"valueRequired\":true,\"valueName\":\"search_term_string\"}}],\"inLanguage\":\"es\"}]}<\/script>\n<!-- \/ Yoast SEO plugin. -->","yoast_head_json":{"title":"Contacto - Porta Nova Suites","description":"\u00bfTiene preguntas? No dude en ponerse en contacto con nosotros, nuestro equipo estar\u00e1 encantado de ayudarle, hablamos espa\u00f1ol, alem\u00e1n e ingl\u00e9s.","robots":{"index":"index","follow":"follow","max-snippet":"max-snippet:-1","max-image-preview":"max-image-preview:large","max-video-preview":"max-video-preview:-1"},"canonical":"https:\/\/portanovasuites-altea.com\/es\/contacto\/","og_locale":"es_ES","og_type":"article","og_title":"Contacto - Porta Nova Suites","og_description":"\u00bfTiene preguntas? No dude en ponerse en contacto con nosotros, nuestro equipo estar\u00e1 encantado de ayudarle, hablamos espa\u00f1ol, alem\u00e1n e ingl\u00e9s.","og_url":"https:\/\/portanovasuites-altea.com\/es\/contacto\/","og_site_name":"Porta Nova Suites","article_modified_time":"2023-08-22T07:03:28+00:00","og_image":[{"width":2048,"height":1323,"url":"https:\/\/portanovasuites-altea.com\/wp-content\/uploads\/2022\/01\/DSC01704-2.jpg","type":"image\/jpeg"}],"twitter_card":"summary_large_image","twitter_misc":{"Tiempo de lectura":"1 minuto"},"schema":{"@context":"https:\/\/schema.org","@graph":[{"@type":"WebPage","@id":"https:\/\/portanovasuites-altea.com\/es\/contacto\/","url":"https:\/\/portanovasuites-altea.com\/es\/contacto\/","name":"Contacto - Porta Nova Suites","isPartOf":{"@id":"https:\/\/portanovasuites-altea.com\/#website"},"primaryImageOfPage":{"@id":"https:\/\/portanovasuites-altea.com\/es\/contacto\/#primaryimage"},"image":{"@id":"https:\/\/portanovasuites-altea.com\/es\/contacto\/#primaryimage"},"thumbnailUrl":"https:\/\/i0.wp.com\/portanovasuites-altea.com\/wp-content\/uploads\/2022\/01\/DSC01704-2.jpg?fit=2048%2C1323&ssl=1","datePublished":"2022-01-19T08:46:00+00:00","dateModified":"2023-08-22T07:03:28+00:00","description":"\u00bfTiene preguntas? No dude en ponerse en contacto con nosotros, nuestro equipo estar\u00e1 encantado de ayudarle, hablamos espa\u00f1ol, alem\u00e1n e ingl\u00e9s.","breadcrumb":{"@id":"https:\/\/portanovasuites-altea.com\/es\/contacto\/#breadcrumb"},"inLanguage":"es","potentialAction":[{"@type":"ReadAction","target":["https:\/\/portanovasuites-altea.com\/es\/contacto\/"]}]},{"@type":"ImageObject","inLanguage":"es","@id":"https:\/\/portanovasuites-altea.com\/es\/contacto\/#primaryimage","url":"https:\/\/i0.wp.com\/portanovasuites-altea.com\/wp-content\/uploads\/2022\/01\/DSC01704-2.jpg?fit=2048%2C1323&ssl=1","contentUrl":"https:\/\/i0.wp.com\/portanovasuites-altea.com\/wp-content\/uploads\/2022\/01\/DSC01704-2.jpg?fit=2048%2C1323&ssl=1","width":2048,"height":1323},{"@type":"BreadcrumbList","@id":"https:\/\/portanovasuites-altea.com\/es\/contacto\/#breadcrumb","itemListElement":[{"@type":"ListItem","position":1,"name":"Home","item":"https:\/\/portanovasuites-altea.com\/es\/"},{"@type":"ListItem","position":2,"name":"Contacto"}]},{"@type":"WebSite","@id":"https:\/\/portanovasuites-altea.com\/#website","url":"https:\/\/portanovasuites-altea.com\/","name":"Porta Nova Suites","description":"Lujosas suites con vistas al mar en el centro de Altea","potentialAction":[{"@type":"SearchAction","target":{"@type":"EntryPoint","urlTemplate":"https:\/\/portanovasuites-altea.com\/?s={search_term_string}"},"query-input":{"@type":"PropertyValueSpecification","valueRequired":true,"valueName":"search_term_string"}}],"inLanguage":"es"}]}},"_links":{"self":[{"href":"https:\/\/portanovasuites-altea.com\/es\/wp-json\/wp\/v2\/pages\/1188","targetHints":{"allow":["GET"]}}],"collection":[{"href":"https:\/\/portanovasuites-altea.com\/es\/wp-json\/wp\/v2\/pages"}],"about":[{"href":"https:\/\/portanovasuites-altea.com\/es\/wp-json\/wp\/v2\/types\/page"}],"author":[{"embeddable":true,"href":"https:\/\/portanovasuites-altea.com\/es\/wp-json\/wp\/v2\/users\/1"}],"replies":[{"embeddable":true,"href":"https:\/\/portanovasuites-altea.com\/es\/wp-json\/wp\/v2\/comments?post=1188"}],"version-history":[{"count":5,"href":"https:\/\/portanovasuites-altea.com\/es\/wp-json\/wp\/v2\/pages\/1188\/revisions"}],"predecessor-version":[{"id":1401,"href":"https:\/\/portanovasuites-altea.com\/es\/wp-json\/wp\/v2\/pages\/1188\/revisions\/1401"}],"wp:featuredmedia":[{"embeddable":true,"href":"https:\/\/portanovasuites-altea.com\/es\/wp-json\/wp\/v2\/media\/921"}],"wp:attachment":[{"href":"https:\/\/portanovasuites-altea.com\/es\/wp-json\/wp\/v2\/media?parent=1188"}],"curies":[{"name":"wp","href":"https:\/\/api.w.org\/{rel}","templated":true}]}}