{"id":1169,"date":"2022-01-19T08:35:40","date_gmt":"2022-01-19T08:35:40","guid":{"rendered":"https:\/\/portanovasuites-altea.com\/ubicacion\/"},"modified":"2023-09-27T07:35:26","modified_gmt":"2023-09-27T07:35:26","slug":"ubicacion","status":"publish","type":"page","link":"https:\/\/portanovasuites-altea.com\/es\/ubicacion\/","title":{"rendered":"Ubicaci\u00f3n"},"content":{"rendered":"<section class=\"wpb-content-wrapper\"><p>[vc_row full_width=&#8221;stretch_row&#8221; row_padding_bottom=&#8221;padding_bottom_none&#8221;][vc_column]<div class=\"heading_group_sc wpb_content_element subtitle_bottom   vc_custom_1531398932568  text-center\">\n\n\n    <h3>DIRECCIONES<\/h3>\n\n\n        <span class=\"subtitle\"><\/span>\n\n        <div class=\"svg_divider\"><img data-recalc-dims=\"1\" decoding=\"async\" src=\"https:\/\/i0.wp.com\/portanovasuites-altea.com\/wp-content\/themes\/hotel-xenia\/templates\/shortcodes\/divider.png?w=960&#038;ssl=1\"><\/div>\n<\/div>[vc_column_text css=&#8221;.vc_custom_1642417472812{margin-top: 0px !important;margin-bottom: 64px !important;}&#8221;]<\/p>\n<p style=\"text-align: center;\">Estamos en C\/ Belen 10, 03590 Altea<\/p>\n<p>[\/vc_column_text][vc_column_text]<\/p>\n<p style=\"text-align: center;\"><div id=\"wpgmza_map\" class=\"wpgmza_map\" data-settings=\"{&quot;id&quot;:&quot;1&quot;,&quot;map_title&quot;:&quot;New Map&quot;,&quot;map_width&quot;:&quot;100&quot;,&quot;map_height&quot;:&quot;400&quot;,&quot;map_start_lat&quot;:&quot;38.5983710665767&quot;,&quot;map_start_lng&quot;:&quot;-0.04999612688447668&quot;,&quot;map_start_location&quot;:&quot;45.950464398418106,-109.81550500000003&quot;,&quot;map_start_zoom&quot;:&quot;14&quot;,&quot;default_marker&quot;:&quot;&quot;,&quot;type&quot;:&quot;0&quot;,&quot;alignment&quot;:&quot;4&quot;,&quot;directions_enabled&quot;:&quot;0&quot;,&quot;styling_enabled&quot;:&quot;0&quot;,&quot;styling_json&quot;:&quot;&quot;,&quot;active&quot;:&quot;0&quot;,&quot;kml&quot;:&quot;&quot;,&quot;bicycle&quot;:&quot;0&quot;,&quot;traffic&quot;:&quot;0&quot;,&quot;dbox&quot;:&quot;0&quot;,&quot;dbox_width&quot;:&quot;&quot;,&quot;listmarkers&quot;:&quot;0&quot;,&quot;listmarkers_advanced&quot;:&quot;0&quot;,&quot;filterbycat&quot;:&quot;0&quot;,&quot;ugm_enabled&quot;:&quot;0&quot;,&quot;ugm_category_enabled&quot;:&quot;0&quot;,&quot;fusion&quot;:&quot;&quot;,&quot;map_width_type&quot;:&quot;%&quot;,&quot;map_height_type&quot;:&quot;px&quot;,&quot;mass_marker_support&quot;:&quot;0&quot;,&quot;ugm_access&quot;:&quot;0&quot;,&quot;order_markers_by&quot;:&quot;0&quot;,&quot;order_markers_choice&quot;:&quot;0&quot;,&quot;show_user_location&quot;:&quot;0&quot;,&quot;default_to&quot;:&quot;&quot;,&quot;other_settings&quot;:{&quot;map_type&quot;:1,&quot;sl_stroke_color&quot;:&quot;&quot;,&quot;sl_fill_color&quot;:&quot;&quot;,&quot;sl_stroke_opacity&quot;:&quot;&quot;,&quot;sl_fill_opacity&quot;:&quot;&quot;,&quot;transport_layer&quot;:false,&quot;action&quot;:&quot;wpgmza_save_map&quot;,&quot;redirect_to&quot;:&quot;\\\/wp-admin\\\/admin-post.php&quot;,&quot;map_id&quot;:&quot;1&quot;,&quot;http_referer&quot;:&quot;\\\/wp-admin\\\/admin.php?page=wp-google-maps-menu&amp;amp;action=edit&amp;amp;map_id=1&quot;,&quot;wpgmza_id&quot;:&quot;1&quot;,&quot;wpgmza_start_location&quot;:&quot;38.5983710665767,-0.04999612688447668&quot;,&quot;wpgmza_start_zoom&quot;:&quot;14&quot;,&quot;store_locator_enabled&quot;:false,&quot;store_locator_search_area&quot;:&quot;radial&quot;,&quot;wpgmza_store_locator_radius_style&quot;:&quot;legacy&quot;,&quot;wpgmza_store_locator_default_radius&quot;:&quot;10&quot;,&quot;store_locator_auto_area_max_zoom&quot;:&quot;&quot;,&quot;store_locator_distance&quot;:false,&quot;wpgmza_store_locator_position&quot;:false,&quot;store_locator_show_distance&quot;:false,&quot;store_locator_category&quot;:false,&quot;wpgmza_store_locator_use_their_location&quot;:false,&quot;wpgmza_store_locator_bounce&quot;:false,&quot;wpgmza_sl_animation&quot;:null,&quot;wpgmza_store_locator_hide_before_search&quot;:false,&quot;store_locator_query_string&quot;:&quot;&quot;,&quot;store_locator_default_address&quot;:&quot;&quot;,&quot;store_locator_name_search&quot;:false,&quot;store_locator_name_string&quot;:&quot;&quot;,&quot;store_locator_not_found_message&quot;:&quot;&quot;,&quot;wpgmza_map_align&quot;:&quot;1&quot;,&quot;jump_to_nearest_marker_on_initialization&quot;:false,&quot;automatically_pan_to_users_location&quot;:false,&quot;override_users_location_zoom_level&quot;:false,&quot;override_users_location_zoom_levels&quot;:&quot;&quot;,&quot;show_distance_from_location&quot;:false,&quot;map_max_zoom&quot;:&quot;21&quot;,&quot;map_min_zoom&quot;:&quot;0&quot;,&quot;click_open_link&quot;:false,&quot;fit_maps_bounds_to_markers&quot;:false,&quot;fit_maps_bounds_to_markers_after_filtering&quot;:false,&quot;hide_point_of_interest&quot;:false,&quot;wpgmza_zoom_on_marker_click&quot;:false,&quot;wpgmza_zoom_on_marker_click_slider&quot;:&quot;&quot;,&quot;close_infowindow_on_map_click&quot;:false,&quot;disable_lightbox_images&quot;:false,&quot;use_Raw_Jpeg_Coordinates&quot;:false,&quot;disable_polygon_info_windows&quot;:false,&quot;enable_marker_ratings&quot;:false,&quot;only_load_markers_within_viewport&quot;:false,&quot;iw_primary_color&quot;:&quot;#000000&quot;,&quot;iw_accent_color&quot;:&quot;#000000&quot;,&quot;iw_text_color&quot;:&quot;#000000&quot;,&quot;wpgmza_listmarkers_by&quot;:&quot;0&quot;,&quot;wpgmza_marker_listing_position&quot;:false,&quot;zoom_level_on_marker_listing_override&quot;:false,&quot;zoom_level_on_marker_listing_click&quot;:&quot;&quot;,&quot;datatable_no_result_message&quot;:&quot;&quot;,&quot;remove_search_box_datables&quot;:false,&quot;dataTable_pagination_style&quot;:null,&quot;datatable_search_string&quot;:&quot;&quot;,&quot;datatable_result_start&quot;:&quot;&quot;,&quot;datatable_result_of&quot;:&quot;&quot;,&quot;datatable_result_to&quot;:&quot;&quot;,&quot;datatable_result_total&quot;:&quot;&quot;,&quot;datatable_result_show&quot;:&quot;&quot;,&quot;datatable_result_entries&quot;:&quot;&quot;,&quot;wpgmza_savemap&quot;:&quot;Save Map \\u00bb&quot;}}\" data-map-id='1' Data-maps-engine='open-layers' data-shortcode-attributes=\"{&quot;id&quot;:&quot;1&quot;}\" style=\"display:block; overflow:auto; width:100%; height:400px; float:left;\"><\/div>\n<p>[\/vc_column_text][\/vc_column][\/vc_row][vc_row full_width=&#8221;stretch_row&#8221; row_padding_top=&#8221;padding_top_1-3&#8243;][vc_column width=&#8221;1\/3&#8243;][\/vc_column][vc_column width=&#8221;1\/3&#8243;]<div class=\"plethora_button wpb_content_element   text-center \">\n    <a href=\"https:\/\/goo.gl\/maps\/19HBJNcV8UPcmA5MA\" class=\" btn btn-default  \" title=\"https:\/\/goo.gl\/maps\/19HBJNcV8UPcmA5MA\"  target=\"_blank\">\n\n        \n        DIRECCIONES\n        \n\n    <\/a>\n<\/div>[\/vc_column][vc_column width=&#8221;1\/3&#8243;][\/vc_column][\/vc_row][vc_row full_width=&#8221;stretch_row&#8221; color_set=&#8221;white_section&#8221; row_padding_bottom=&#8221;padding_bottom_1-4&#8243;][vc_column]<div class=\"heading_group_sc wpb_content_element subtitle_bottom   vc_custom_1531398945672  text-center\">\n\n\n    <h3>UBICACI\u00d3N<\/h3>\n\n\n        <span class=\"subtitle\"><\/span>\n\n        <div class=\"svg_divider\"><img data-recalc-dims=\"1\" decoding=\"async\" src=\"https:\/\/i0.wp.com\/portanovasuites-altea.com\/wp-content\/themes\/hotel-xenia\/templates\/shortcodes\/divider.png?w=960&#038;ssl=1\"><\/div>\n<\/div>[vc_column_text css=&#8221;.vc_custom_1642417510276{margin-top: 0px !important;}&#8221;]<\/p>\n<p style=\"text-align: center;\">Nuestra perfecta ubicaci\u00f3n har\u00e1 que sus pr\u00f3ximas vacaciones sean inolvidables<\/p>\n<p>[\/vc_column_text][\/vc_column][\/vc_row][vc_row full_width=&#8221;stretch_row&#8221; content_placement=&#8221;middle&#8221; color_set=&#8221;white_section&#8221; row_padding_top=&#8221;padding_top_none&#8221; row_padding_bottom=&#8221;padding_bottom_none&#8221;][vc_column width=&#8221;1\/2&#8243;][vc_single_image image=&#8221;610&#8243; img_size=&#8221;500&#215;600&#8243; alignment=&#8221;center&#8221;][\/vc_column][vc_column width=&#8221;1\/2&#8243;]<div class=\"heading_group_sc wpb_content_element subtitle_top    text-left\">\n\n        <span class=\"subtitle\"><\/span>\n\n    <h4>RESTAURANTES<\/h4>\n\n\n\n<\/div>[vc_column_text]Debido a nuestra ubicaci\u00f3n privilegiada en el centro del casco antiguo de Altea, los restaurantes est\u00e1n a solo unos pasos de su habitaci\u00f3n.[\/vc_column_text][\/vc_column][\/vc_row][vc_row full_width=&#8221;stretch_row&#8221; content_placement=&#8221;middle&#8221; color_set=&#8221;white_section&#8221; row_padding_top=&#8221;padding_top_none&#8221;][vc_column width=&#8221;1\/2&#8243; el_class=&#8221;col-sm-push-6&#8243;][vc_single_image image=&#8221;591&#8243; img_size=&#8221;698&#215;550&#8243;][\/vc_column][vc_column width=&#8221;1\/2&#8243; el_class=&#8221;col-sm-pull-6&#8243;]<div class=\"heading_group_sc wpb_content_element subtitle_top    text-left\">\n\n        <span class=\"subtitle\">LE MOSTRAREMOS EL CAMINO<\/span>\n\n    <p>ATRACCIONES DE LA COSTA BLANCA<\/p>\n\n\n\n<\/div>[vc_column_text]\u00a1Nuestro personal se complace en recomendar las atracciones m\u00e1s especiales de la Costa Blanca para garantizarle unas vacaciones como las deseaba![\/vc_column_text][\/vc_column][\/vc_row][vc_row full_width=&#8221;stretch_row&#8221; color_set=&#8221;black_section&#8221; transparent_overlay=&#8221;transparent_film&#8221; css=&#8221;.vc_custom_1523980988079{background-image: url(https:\/\/portanovasuites-altea.com\/wp-content\/uploads\/2018\/04\/0020_location-3.jpg?id=190) !important;background-position: center !important;background-repeat: no-repeat !important;background-size: cover !important;}&#8221;][vc_column width=&#8221;2\/3&#8243; offset=&#8221;vc_col-sm-offset-2&#8243;][vc_empty_space height=&#8221;64px&#8221;]<div class=\"heading_group_sc wpb_content_element subtitle_top    text-center\">\n\n        <span class=\"subtitle\">PORTA NOVA SUITES<\/span>\n\n    <h2>LE AYUDAMOS A PLANIFICAR SU VIAJE<\/h2>\n\n\n\n<\/div>[vc_column_text]Sabemos que planificar unas vacaciones puede ser dif\u00edcil si no conoce el \u00e1rea, por favor h\u00e1ganos saber sus preguntas y estaremos encantados de ayudarle.[\/vc_column_text]<div class=\"plethora_button wpb_content_element  vc_custom_1642581570954  text-center \">\n    <a href=\"https:\/\/direct-book.com\/properties\/portanovasuitesdirect?locale=es\" class=\" btn btn-white  \" title=\"\"  target=\"_self\">\n\n        \n        RESERVAR AHORA\n        \n\n    <\/a>\n<\/div>[vc_empty_space height=&#8221;64px&#8221;][\/vc_column][\/vc_row]<\/p>\n<\/section>","protected":false},"excerpt":{"rendered":"<p>[vc_row full_width=&#8221;stretch_row&#8221; row_padding_bottom=&#8221;padding_bottom_none&#8221;][vc_column][vc_column_text css=&#8221;.vc_custom_1642417472812{margin-top: 0px !important;margin-bottom: 64px !important;}&#8221;] Estamos en C\/ Belen 10, 03590 Altea [\/vc_column_text][vc_column_text] [\/vc_column_text][\/vc_column][\/vc_row][vc_row full_width=&#8221;stretch_row&#8221; row_padding_top=&#8221;padding_top_1-3&#8243;][vc_column width=&#8221;1\/3&#8243;][\/vc_column][vc_column width=&#8221;1\/3&#8243;][\/vc_column][vc_column width=&#8221;1\/3&#8243;][\/vc_column][\/vc_row][vc_row full_width=&#8221;stretch_row&#8221; color_set=&#8221;white_section&#8221; row_padding_bottom=&#8221;padding_bottom_1-4&#8243;][vc_column][vc_column_text css=&#8221;.vc_custom_1642417510276{margin-top: 0px !important;}&#8221;] Nuestra perfecta ubicaci\u00f3n har\u00e1 que sus pr\u00f3ximas vacaciones sean inolvidables [\/vc_column_text][\/vc_column][\/vc_row][vc_row full_width=&#8221;stretch_row&#8221; content_placement=&#8221;middle&#8221; color_set=&#8221;white_section&#8221; row_padding_top=&#8221;padding_top_none&#8221; row_padding_bottom=&#8221;padding_bottom_none&#8221;][vc_column width=&#8221;1\/2&#8243;][vc_single_image image=&#8221;610&#8243; img_size=&#8221;500&#215;600&#8243; alignment=&#8221;center&#8221;][\/vc_column][vc_column width=&#8221;1\/2&#8243;][vc_column_text]Debido a nuestra ubicaci\u00f3n privilegiada en el [&hellip;]<\/p>\n","protected":false},"author":1,"featured_media":990,"parent":0,"menu_order":0,"comment_status":"closed","ping_status":"closed","template":"","meta":{"nf_dc_page":"","footnotes":""},"class_list":["post-1169","page","type-page","status-publish","has-post-thumbnail","hentry"],"yoast_head":"<!-- This site is optimized with the Yoast SEO plugin v27.5 - https:\/\/yoast.com\/product\/yoast-seo-wordpress\/ -->\n<title>Altea, un sitio de inter\u00e9s y con un casco hist\u00f3rico - Porta Nova Suites<\/title>\n<meta name=\"description\" content=\"Porta Nova Suites se ubica justo encima de la principal puerta hist\u00f3rica de entrada a Altea &quot;Portal Nou&quot; y con ello a tan solo 80 metros de la plaza principal y a 3 minutos andando de la playa &quot;De la Roda&quot;.\" \/>\n<meta name=\"robots\" content=\"index, follow, max-snippet:-1, max-image-preview:large, max-video-preview:-1\" \/>\n<link rel=\"canonical\" href=\"https:\/\/portanovasuites-altea.com\/es\/ubicacion\/\" \/>\n<meta property=\"og:locale\" content=\"es_ES\" \/>\n<meta property=\"og:type\" content=\"article\" \/>\n<meta property=\"og:title\" content=\"Altea, un sitio de inter\u00e9s y con un casco hist\u00f3rico - Porta Nova Suites\" \/>\n<meta property=\"og:description\" content=\"Porta Nova Suites se ubica justo encima de la principal puerta hist\u00f3rica de entrada a Altea &quot;Portal Nou&quot; y con ello a tan solo 80 metros de la plaza principal y a 3 minutos andando de la playa &quot;De la Roda&quot;.\" \/>\n<meta property=\"og:url\" content=\"https:\/\/portanovasuites-altea.com\/es\/ubicacion\/\" \/>\n<meta property=\"og:site_name\" content=\"Porta Nova Suites\" \/>\n<meta property=\"article:modified_time\" content=\"2023-09-27T07:35:26+00:00\" \/>\n<meta property=\"og:image\" content=\"https:\/\/portanovasuites-altea.com\/wp-content\/uploads\/2022\/01\/costa-blanca-beaches-small.jpg\" \/>\n\t<meta property=\"og:image:width\" content=\"1688\" \/>\n\t<meta property=\"og:image:height\" content=\"1125\" \/>\n\t<meta property=\"og:image:type\" content=\"image\/jpeg\" \/>\n<meta name=\"twitter:card\" content=\"summary_large_image\" \/>\n<meta name=\"twitter:label1\" content=\"Tiempo de lectura\" \/>\n\t<meta name=\"twitter:data1\" content=\"1 minuto\" \/>\n<script type=\"application\/ld+json\" class=\"yoast-schema-graph\">{\"@context\":\"https:\\\/\\\/schema.org\",\"@graph\":[{\"@type\":\"WebPage\",\"@id\":\"https:\\\/\\\/portanovasuites-altea.com\\\/es\\\/ubicacion\\\/\",\"url\":\"https:\\\/\\\/portanovasuites-altea.com\\\/es\\\/ubicacion\\\/\",\"name\":\"Altea, un sitio de inter\u00e9s y con un casco hist\u00f3rico - Porta Nova Suites\",\"isPartOf\":{\"@id\":\"https:\\\/\\\/portanovasuites-altea.com\\\/#website\"},\"primaryImageOfPage\":{\"@id\":\"https:\\\/\\\/portanovasuites-altea.com\\\/es\\\/ubicacion\\\/#primaryimage\"},\"image\":{\"@id\":\"https:\\\/\\\/portanovasuites-altea.com\\\/es\\\/ubicacion\\\/#primaryimage\"},\"thumbnailUrl\":\"https:\\\/\\\/i0.wp.com\\\/portanovasuites-altea.com\\\/wp-content\\\/uploads\\\/2022\\\/01\\\/costa-blanca-beaches-small.jpg?fit=1688%2C1125&ssl=1\",\"datePublished\":\"2022-01-19T08:35:40+00:00\",\"dateModified\":\"2023-09-27T07:35:26+00:00\",\"description\":\"Porta Nova Suites se ubica justo encima de la principal puerta hist\u00f3rica de entrada a Altea \\\"Portal Nou\\\" y con ello a tan solo 80 metros de la plaza principal y a 3 minutos andando de la playa \\\"De la Roda\\\".\",\"breadcrumb\":{\"@id\":\"https:\\\/\\\/portanovasuites-altea.com\\\/es\\\/ubicacion\\\/#breadcrumb\"},\"inLanguage\":\"es\",\"potentialAction\":[{\"@type\":\"ReadAction\",\"target\":[\"https:\\\/\\\/portanovasuites-altea.com\\\/es\\\/ubicacion\\\/\"]}]},{\"@type\":\"ImageObject\",\"inLanguage\":\"es\",\"@id\":\"https:\\\/\\\/portanovasuites-altea.com\\\/es\\\/ubicacion\\\/#primaryimage\",\"url\":\"https:\\\/\\\/i0.wp.com\\\/portanovasuites-altea.com\\\/wp-content\\\/uploads\\\/2022\\\/01\\\/costa-blanca-beaches-small.jpg?fit=1688%2C1125&ssl=1\",\"contentUrl\":\"https:\\\/\\\/i0.wp.com\\\/portanovasuites-altea.com\\\/wp-content\\\/uploads\\\/2022\\\/01\\\/costa-blanca-beaches-small.jpg?fit=1688%2C1125&ssl=1\",\"width\":1688,\"height\":1125},{\"@type\":\"BreadcrumbList\",\"@id\":\"https:\\\/\\\/portanovasuites-altea.com\\\/es\\\/ubicacion\\\/#breadcrumb\",\"itemListElement\":[{\"@type\":\"ListItem\",\"position\":1,\"name\":\"Home\",\"item\":\"https:\\\/\\\/portanovasuites-altea.com\\\/es\\\/\"},{\"@type\":\"ListItem\",\"position\":2,\"name\":\"Ubicaci\u00f3n\"}]},{\"@type\":\"WebSite\",\"@id\":\"https:\\\/\\\/portanovasuites-altea.com\\\/#website\",\"url\":\"https:\\\/\\\/portanovasuites-altea.com\\\/\",\"name\":\"Porta Nova Suites\",\"description\":\"Lujosas suites con vistas al mar en el centro de Altea\",\"potentialAction\":[{\"@type\":\"SearchAction\",\"target\":{\"@type\":\"EntryPoint\",\"urlTemplate\":\"https:\\\/\\\/portanovasuites-altea.com\\\/?s={search_term_string}\"},\"query-input\":{\"@type\":\"PropertyValueSpecification\",\"valueRequired\":true,\"valueName\":\"search_term_string\"}}],\"inLanguage\":\"es\"}]}<\/script>\n<!-- \/ Yoast SEO plugin. -->","yoast_head_json":{"title":"Altea, un sitio de inter\u00e9s y con un casco hist\u00f3rico - Porta Nova Suites","description":"Porta Nova Suites se ubica justo encima de la principal puerta hist\u00f3rica de entrada a Altea \"Portal Nou\" y con ello a tan solo 80 metros de la plaza principal y a 3 minutos andando de la playa \"De la Roda\".","robots":{"index":"index","follow":"follow","max-snippet":"max-snippet:-1","max-image-preview":"max-image-preview:large","max-video-preview":"max-video-preview:-1"},"canonical":"https:\/\/portanovasuites-altea.com\/es\/ubicacion\/","og_locale":"es_ES","og_type":"article","og_title":"Altea, un sitio de inter\u00e9s y con un casco hist\u00f3rico - Porta Nova Suites","og_description":"Porta Nova Suites se ubica justo encima de la principal puerta hist\u00f3rica de entrada a Altea \"Portal Nou\" y con ello a tan solo 80 metros de la plaza principal y a 3 minutos andando de la playa \"De la Roda\".","og_url":"https:\/\/portanovasuites-altea.com\/es\/ubicacion\/","og_site_name":"Porta Nova Suites","article_modified_time":"2023-09-27T07:35:26+00:00","og_image":[{"width":1688,"height":1125,"url":"https:\/\/portanovasuites-altea.com\/wp-content\/uploads\/2022\/01\/costa-blanca-beaches-small.jpg","type":"image\/jpeg"}],"twitter_card":"summary_large_image","twitter_misc":{"Tiempo de lectura":"1 minuto"},"schema":{"@context":"https:\/\/schema.org","@graph":[{"@type":"WebPage","@id":"https:\/\/portanovasuites-altea.com\/es\/ubicacion\/","url":"https:\/\/portanovasuites-altea.com\/es\/ubicacion\/","name":"Altea, un sitio de inter\u00e9s y con un casco hist\u00f3rico - Porta Nova Suites","isPartOf":{"@id":"https:\/\/portanovasuites-altea.com\/#website"},"primaryImageOfPage":{"@id":"https:\/\/portanovasuites-altea.com\/es\/ubicacion\/#primaryimage"},"image":{"@id":"https:\/\/portanovasuites-altea.com\/es\/ubicacion\/#primaryimage"},"thumbnailUrl":"https:\/\/i0.wp.com\/portanovasuites-altea.com\/wp-content\/uploads\/2022\/01\/costa-blanca-beaches-small.jpg?fit=1688%2C1125&ssl=1","datePublished":"2022-01-19T08:35:40+00:00","dateModified":"2023-09-27T07:35:26+00:00","description":"Porta Nova Suites se ubica justo encima de la principal puerta hist\u00f3rica de entrada a Altea \"Portal Nou\" y con ello a tan solo 80 metros de la plaza principal y a 3 minutos andando de la playa \"De la Roda\".","breadcrumb":{"@id":"https:\/\/portanovasuites-altea.com\/es\/ubicacion\/#breadcrumb"},"inLanguage":"es","potentialAction":[{"@type":"ReadAction","target":["https:\/\/portanovasuites-altea.com\/es\/ubicacion\/"]}]},{"@type":"ImageObject","inLanguage":"es","@id":"https:\/\/portanovasuites-altea.com\/es\/ubicacion\/#primaryimage","url":"https:\/\/i0.wp.com\/portanovasuites-altea.com\/wp-content\/uploads\/2022\/01\/costa-blanca-beaches-small.jpg?fit=1688%2C1125&ssl=1","contentUrl":"https:\/\/i0.wp.com\/portanovasuites-altea.com\/wp-content\/uploads\/2022\/01\/costa-blanca-beaches-small.jpg?fit=1688%2C1125&ssl=1","width":1688,"height":1125},{"@type":"BreadcrumbList","@id":"https:\/\/portanovasuites-altea.com\/es\/ubicacion\/#breadcrumb","itemListElement":[{"@type":"ListItem","position":1,"name":"Home","item":"https:\/\/portanovasuites-altea.com\/es\/"},{"@type":"ListItem","position":2,"name":"Ubicaci\u00f3n"}]},{"@type":"WebSite","@id":"https:\/\/portanovasuites-altea.com\/#website","url":"https:\/\/portanovasuites-altea.com\/","name":"Porta Nova Suites","description":"Lujosas suites con vistas al mar en el centro de Altea","potentialAction":[{"@type":"SearchAction","target":{"@type":"EntryPoint","urlTemplate":"https:\/\/portanovasuites-altea.com\/?s={search_term_string}"},"query-input":{"@type":"PropertyValueSpecification","valueRequired":true,"valueName":"search_term_string"}}],"inLanguage":"es"}]}},"_links":{"self":[{"href":"https:\/\/portanovasuites-altea.com\/es\/wp-json\/wp\/v2\/pages\/1169","targetHints":{"allow":["GET"]}}],"collection":[{"href":"https:\/\/portanovasuites-altea.com\/es\/wp-json\/wp\/v2\/pages"}],"about":[{"href":"https:\/\/portanovasuites-altea.com\/es\/wp-json\/wp\/v2\/types\/page"}],"author":[{"embeddable":true,"href":"https:\/\/portanovasuites-altea.com\/es\/wp-json\/wp\/v2\/users\/1"}],"replies":[{"embeddable":true,"href":"https:\/\/portanovasuites-altea.com\/es\/wp-json\/wp\/v2\/comments?post=1169"}],"version-history":[{"count":5,"href":"https:\/\/portanovasuites-altea.com\/es\/wp-json\/wp\/v2\/pages\/1169\/revisions"}],"predecessor-version":[{"id":1186,"href":"https:\/\/portanovasuites-altea.com\/es\/wp-json\/wp\/v2\/pages\/1169\/revisions\/1186"}],"wp:featuredmedia":[{"embeddable":true,"href":"https:\/\/portanovasuites-altea.com\/es\/wp-json\/wp\/v2\/media\/990"}],"wp:attachment":[{"href":"https:\/\/portanovasuites-altea.com\/es\/wp-json\/wp\/v2\/media?parent=1169"}],"curies":[{"name":"wp","href":"https:\/\/api.w.org\/{rel}","templated":true}]}}